{"id":84,"date":"2024-02-07T17:50:05","date_gmt":"2024-02-07T16:50:05","guid":{"rendered":"https:\/\/enerprocess.com\/?page_id=84"},"modified":"2026-01-10T11:45:31","modified_gmt":"2026-01-10T10:45:31","slug":"ueber-uns","status":"publish","type":"page","link":"https:\/\/enerprocess.com\/de\/ueber-uns\/","title":{"rendered":"\u00dcber uns"},"content":{"rendered":"\n<h2 class=\"wp-block-heading\"><em>Identit\u00e4t &amp; Vision<\/em><\/h2>\n\n\n\n<p>enerprocess ist ein Ingenieurb\u00fcro, das sich auf das Energiemanagement in der Industrie spezialisiert hat.<\/p>\n\n\n\n<p>Aufgrund unserer langj\u00e4hrigen Erfahrung in der Industrie legen wir gro\u00dfen Wert auf wirtschaftliches Verst\u00e4ndnis und innovative, branchenspezifische L\u00f6sungen.<\/p>\n\n\n\n<p>Nach dem Motto, dass ein gut gestelltes Problem ein halbwegs gel\u00f6stes Problem ist, sind wir beharrlich, zuverl\u00e4ssig und sehr unternehmerisch, denn es gibt immer L\u00f6sungen.<\/p>\n\n\n\n<p>Unsere Vision ist es, zur Entwicklung der Industrie und der Unternehmen in Europa beizutragen, indem wir relevante L\u00f6sungen durch Ma\u00dfnahmen zur Reduzierung des Energie- und Ressourcenverbrauchs anbieten. Die Steigerung der Wettbewerbsf\u00e4higkeit von Unternehmen durch die Senkung der Produktionskosten ist unsere Aufgabe.<\/p>\n\n\n\n<h3 class=\"wp-block-heading\"><em>Energie &amp; Produktionskosten<\/em><\/h3>\n\n\n\n<p>Energie im industriellen Umfeld ist ein relevant Produktionskostenfaktor. Ein gutes Energiemanagement erm\u00f6glicht die Kontrolle der Produktionskosten und damit eine Steigerung der Wettbewerbsf\u00e4higkeit des Unternehmens.<\/p>\n\n\n\n<h3 class=\"wp-block-heading\"><em>Energie &#8211; Klima &#8211; Ressourcen<\/em><\/h3>\n\n\n\n<p>Die derzeitige Nutzung von Energie in der Industrie ist sehr oft nicht optimal. F\u00fcr eine nachhaltige Welt m\u00fcssen viele industrielle Prozesse \u00fcberdacht, ver\u00e4ndert und angepasst werden. Aber: Es gibt L\u00f6sungen.<\/p>\n\n\n\n<figure class=\"wp-block-gallery has-nested-images columns-default is-cropped wp-block-gallery-1 is-layout-flex wp-block-gallery-is-layout-flex\">\n<figure class=\"wp-block-image size-large is-style-rounded\"><img loading=\"lazy\" decoding=\"async\" width=\"1024\" height=\"683\" data-id=\"64\" src=\"https:\/\/enerprocess.com\/wp-content\/uploads\/2024\/05\/enerprocess_cuves_2-1024x683.jpg\" alt=\"\" class=\"wp-image-64\" srcset=\"https:\/\/enerprocess.com\/wp-content\/uploads\/2024\/05\/enerprocess_cuves_2-1024x683.jpg 1024w, https:\/\/enerprocess.com\/wp-content\/uploads\/2024\/05\/enerprocess_cuves_2-300x200.jpg 300w, https:\/\/enerprocess.com\/wp-content\/uploads\/2024\/05\/enerprocess_cuves_2-768x512.jpg 768w, https:\/\/enerprocess.com\/wp-content\/uploads\/2024\/05\/enerprocess_cuves_2-1536x1024.jpg 1536w, https:\/\/enerprocess.com\/wp-content\/uploads\/2024\/05\/enerprocess_cuves_2-840x560.jpg 840w, https:\/\/enerprocess.com\/wp-content\/uploads\/2024\/05\/enerprocess_cuves_2-600x400.jpg 600w, https:\/\/enerprocess.com\/wp-content\/uploads\/2024\/05\/enerprocess_cuves_2.jpg 1600w\" sizes=\"auto, (max-width: 1024px) 100vw, 1024px\" \/><\/figure>\n\n\n\n<figure class=\"wp-block-image size-large is-style-rounded\"><img loading=\"lazy\" decoding=\"async\" width=\"1024\" height=\"683\" data-id=\"65\" src=\"https:\/\/enerprocess.com\/wp-content\/uploads\/2024\/05\/enerprocess_plan-1024x683.jpg\" alt=\"\" class=\"wp-image-65\" srcset=\"https:\/\/enerprocess.com\/wp-content\/uploads\/2024\/05\/enerprocess_plan-1024x683.jpg 1024w, https:\/\/enerprocess.com\/wp-content\/uploads\/2024\/05\/enerprocess_plan-300x200.jpg 300w, https:\/\/enerprocess.com\/wp-content\/uploads\/2024\/05\/enerprocess_plan-768x512.jpg 768w, https:\/\/enerprocess.com\/wp-content\/uploads\/2024\/05\/enerprocess_plan-1536x1024.jpg 1536w, https:\/\/enerprocess.com\/wp-content\/uploads\/2024\/05\/enerprocess_plan-840x560.jpg 840w, https:\/\/enerprocess.com\/wp-content\/uploads\/2024\/05\/enerprocess_plan-600x400.jpg 600w, https:\/\/enerprocess.com\/wp-content\/uploads\/2024\/05\/enerprocess_plan.jpg 1600w\" sizes=\"auto, (max-width: 1024px) 100vw, 1024px\" \/><\/figure>\n\n\n\n<figure class=\"wp-block-image size-large is-style-rounded\"><img loading=\"lazy\" decoding=\"async\" width=\"1024\" height=\"683\" data-id=\"63\" src=\"https:\/\/enerprocess.com\/wp-content\/uploads\/2024\/05\/enerprocess_cuves_1-1024x683.jpg\" alt=\"\" class=\"wp-image-63\" srcset=\"https:\/\/enerprocess.com\/wp-content\/uploads\/2024\/05\/enerprocess_cuves_1-1024x683.jpg 1024w, https:\/\/enerprocess.com\/wp-content\/uploads\/2024\/05\/enerprocess_cuves_1-300x200.jpg 300w, https:\/\/enerprocess.com\/wp-content\/uploads\/2024\/05\/enerprocess_cuves_1-768x512.jpg 768w, https:\/\/enerprocess.com\/wp-content\/uploads\/2024\/05\/enerprocess_cuves_1-1536x1024.jpg 1536w, https:\/\/enerprocess.com\/wp-content\/uploads\/2024\/05\/enerprocess_cuves_1-840x560.jpg 840w, https:\/\/enerprocess.com\/wp-content\/uploads\/2024\/05\/enerprocess_cuves_1-600x400.jpg 600w, https:\/\/enerprocess.com\/wp-content\/uploads\/2024\/05\/enerprocess_cuves_1.jpg 1600w\" sizes=\"auto, (max-width: 1024px) 100vw, 1024px\" \/><\/figure>\n<\/figure>\n\n\n\n<div class=\"wp-block-media-text alignfull has-media-on-the-right is-stacked-on-mobile is-style-rounded-image has-white-color has-blue-background-color has-text-color has-background has-link-color wp-elements-865db62a78519d33274fdb1fd8b0a4b6\" style=\"grid-template-columns:auto 33%\"><div class=\"wp-block-media-text__content\">\n<h2 class=\"wp-block-heading has-medium-font-size\">Nathana\u00ebl Gobat<\/h2>\n\n\n\n<p class=\"has-medium-font-size\">Inhaber &amp; Energieingenieur<\/p>\n\n\n\n<p>Als Inhaber von enerprocess war ich schon immer f\u00fcr Energie begeistert. Ich arbeite seit mehreren Jahren in Unternehmen und realisiere Projekte zur Energieeffizienz, haupts\u00e4chlich in der Industrie. Ich bin flei\u00dfig, unternehmensorientiert und finde immer technische L\u00f6sungen f\u00fcr komplexe Probleme in der Industrie.<\/p>\n\n\n\n<p><strong>Kompetenzen:<\/strong><\/p>\n\n\n\n<ul class=\"wp-block-list\">\n<li>Industrieprojekte (Erneuerung von technischen Anlagen, Integration neuer Produktionslinien usw.).<\/li>\n\n\n\n<li>Akkreditierung Thermische Analysen PINCH<\/li>\n\n\n\n<li>Akkreditierung Energieberatung PEIK<\/li>\n\n\n\n<li>Akkreditierung Energieberater f\u00fcr Zielvereinbarungen (ZV)<\/li>\n<\/ul>\n\n\n\n<p><strong>Ausbildungen:<\/strong><\/p>\n\n\n\n<ul class=\"wp-block-list\">\n<li>BSc Energie und Umwelttechnik, HES-SO Wallis<\/li>\n\n\n\n<li>MSc Energy and Environment, HES-SO<\/li>\n\n\n\n<li>Verschiedenen Weiterbildungen (Technik Messungen, usw.)<\/li>\n<\/ul>\n<\/div><figure class=\"wp-block-media-text__media\"><img loading=\"lazy\" decoding=\"async\" width=\"1024\" height=\"683\" src=\"https:\/\/enerprocess.com\/wp-content\/uploads\/2026\/01\/16-nathanael_gobat_0016-1-1024x683.jpg\" alt=\"\" class=\"wp-image-875 size-medium\" srcset=\"https:\/\/enerprocess.com\/wp-content\/uploads\/2026\/01\/16-nathanael_gobat_0016-1-1024x683.jpg 1024w, https:\/\/enerprocess.com\/wp-content\/uploads\/2026\/01\/16-nathanael_gobat_0016-1-300x200.jpg 300w, https:\/\/enerprocess.com\/wp-content\/uploads\/2026\/01\/16-nathanael_gobat_0016-1-768x512.jpg 768w, https:\/\/enerprocess.com\/wp-content\/uploads\/2026\/01\/16-nathanael_gobat_0016-1-1536x1024.jpg 1536w, https:\/\/enerprocess.com\/wp-content\/uploads\/2026\/01\/16-nathanael_gobat_0016-1-2048x1366.jpg 2048w, https:\/\/enerprocess.com\/wp-content\/uploads\/2026\/01\/16-nathanael_gobat_0016-1-840x560.jpg 840w, https:\/\/enerprocess.com\/wp-content\/uploads\/2026\/01\/16-nathanael_gobat_0016-1-600x400.jpg 600w\" sizes=\"auto, (max-width: 1024px) 100vw, 1024px\" \/><\/figure><\/div>\n\n\n\n<div class=\"wp-block-media-text alignfull has-media-on-the-right is-stacked-on-mobile is-style-rounded-image has-white-color has-light-blue-background-color has-text-color has-background has-link-color wp-elements-af0e43e30795a14e65a07bb3e7da9df3\" style=\"grid-template-columns:auto 33%\"><div class=\"wp-block-media-text__content\">\n<h2 class=\"wp-block-heading has-black-color has-text-color has-link-color has-medium-font-size wp-elements-320b2e04c50c31aeb7946067688925a8\">Gian Carlo Canapa<\/h2>\n\n\n\n<p class=\"has-black-color has-text-color has-link-color has-medium-font-size wp-elements-837bb14a108f4527a46fa8015d46c55d\">Projektleiter Energie<\/p>\n\n\n\n<p class=\"has-black-color has-text-color has-link-color wp-elements-c927268e5e9c4a40d1bcaf34761c0857\">Projektleiter Energie bei enerprocess bin ich bei die Projektmanagement und Technik begeistert. Ich arbeite seit mehreren Jahren in der Industrie wo ich Energieprojekte realisiere.<\/p>\n\n\n\n<p class=\"has-black-color has-text-color has-link-color wp-elements-5463939ec08127ea9a0e0abfe5c7e166\"><strong>Kompetenzen:<\/strong><\/p>\n\n\n\n<ul class=\"wp-block-list\">\n<li class=\"has-black-color has-text-color has-link-color wp-elements-8dc696a1f8d9bcad27441124cacc4ae9\">Industrieprojekte (Erneuerung von technischen Anlagen, Integration neuer Produktionslinien usw.).<\/li>\n\n\n\n<li class=\"has-black-color has-text-color has-link-color wp-elements-0fe7d25203babc2d26406ff37bbf7e64\"> Energieberatung PEIK<\/li>\n\n\n\n<li class=\"has-black-color has-text-color has-link-color wp-elements-a89edc89ef4826653f4f9f96f4774436\">Zielvereinbarungen (ZV)<\/li>\n<\/ul>\n\n\n\n<p class=\"has-black-color has-text-color has-link-color wp-elements-971aa1bfad236b8e583a411963ead0cd\"><strong>Ausbildungen:<\/strong><\/p>\n\n\n\n<ul class=\"wp-block-list\">\n<li class=\"has-black-color has-text-color has-link-color wp-elements-0c478df9a9329b84426f912d95edbbea\">BSc Wirtschaftsingenieurwesen, HEIG-VD<\/li>\n\n\n\n<li class=\"has-black-color has-text-color has-link-color wp-elements-4c2b40f2ace342277c75fe7f759842fa\">CAS Opti-En Energieoptimierung in Industrie, HEIG-VD<\/li>\n<\/ul>\n<\/div><figure class=\"wp-block-media-text__media\"><img loading=\"lazy\" decoding=\"async\" width=\"224\" height=\"256\" src=\"https:\/\/enerprocess.com\/wp-content\/uploads\/2026\/01\/260110_image_GCCanapa.jpg\" alt=\"\" class=\"wp-image-874 size-medium\"\/><\/figure><\/div>\n\n\n\n\n","protected":false},"excerpt":{"rendered":"<p>Identit\u00e4t &amp; Vision enerprocess ist ein Ingenieurb\u00fcro, das sich auf das Energiemanagement in der Industrie spezialisiert hat. Aufgrund unserer langj\u00e4hrigen Erfahrung in der Industrie legen wir gro\u00dfen Wert auf wirtschaftliches Verst\u00e4ndnis und innovative, branchenspezifische L\u00f6sungen. Nach dem Motto, dass ein gut gestelltes Problem ein halbwegs gel\u00f6stes Problem ist, sind wir beharrlich, zuverl\u00e4ssig und sehr unternehmerisch, [&hellip;]<\/p>\n","protected":false},"author":1,"featured_media":77,"parent":0,"menu_order":0,"comment_status":"closed","ping_status":"closed","template":"","meta":{"_acf_changed":false,"footnotes":""},"class_list":["post-84","page","type-page","status-publish","has-post-thumbnail","hentry"],"acf":[],"yoast_head":"<!-- This site is optimized with the Yoast SEO plugin v27.5 - https:\/\/yoast.com\/product\/yoast-seo-wordpress\/ -->\n<title>\u00dcber uns &#8211; Enerprocess<\/title>\n<meta name=\"robots\" content=\"index, follow, max-snippet:-1, max-image-preview:large, max-video-preview:-1\" \/>\n<link rel=\"canonical\" href=\"https:\/\/enerprocess.com\/de\/ueber-uns\/\" \/>\n<meta property=\"og:locale\" content=\"de_DE\" \/>\n<meta property=\"og:type\" content=\"article\" \/>\n<meta property=\"og:title\" content=\"\u00dcber uns &#8211; Enerprocess\" \/>\n<meta property=\"og:description\" content=\"Identit\u00e4t &amp; Vision enerprocess ist ein Ingenieurb\u00fcro, das sich auf das Energiemanagement in der Industrie spezialisiert hat. Aufgrund unserer langj\u00e4hrigen Erfahrung in der Industrie legen wir gro\u00dfen Wert auf wirtschaftliches Verst\u00e4ndnis und innovative, branchenspezifische L\u00f6sungen. Nach dem Motto, dass ein gut gestelltes Problem ein halbwegs gel\u00f6stes Problem ist, sind wir beharrlich, zuverl\u00e4ssig und sehr unternehmerisch, [&hellip;]\" \/>\n<meta property=\"og:url\" content=\"https:\/\/enerprocess.com\/de\/ueber-uns\/\" \/>\n<meta property=\"og:site_name\" content=\"Enerprocess\" \/>\n<meta property=\"article:modified_time\" content=\"2026-01-10T10:45:31+00:00\" \/>\n<meta property=\"og:image\" content=\"https:\/\/enerprocess.com\/wp-content\/uploads\/2024\/05\/enerprocess_cuves_2.jpg\" \/>\n\t<meta property=\"og:image:width\" content=\"1600\" \/>\n\t<meta property=\"og:image:height\" content=\"1067\" \/>\n\t<meta property=\"og:image:type\" content=\"image\/jpeg\" \/>\n<meta name=\"twitter:card\" content=\"summary_large_image\" \/>\n<meta name=\"twitter:label1\" content=\"Gesch\u00e4tzte Lesezeit\" \/>\n\t<meta name=\"twitter:data1\" content=\"3\u00a0Minuten\" \/>\n<script type=\"application\/ld+json\" class=\"yoast-schema-graph\">{\"@context\":\"https:\\\/\\\/schema.org\",\"@graph\":[{\"@type\":\"WebPage\",\"@id\":\"https:\\\/\\\/enerprocess.com\\\/de\\\/ueber-uns\\\/\",\"url\":\"https:\\\/\\\/enerprocess.com\\\/de\\\/ueber-uns\\\/\",\"name\":\"\u00dcber uns &#8211; Enerprocess\",\"isPartOf\":{\"@id\":\"https:\\\/\\\/enerprocess.com\\\/de\\\/#website\"},\"primaryImageOfPage\":{\"@id\":\"https:\\\/\\\/enerprocess.com\\\/de\\\/ueber-uns\\\/#primaryimage\"},\"image\":{\"@id\":\"https:\\\/\\\/enerprocess.com\\\/de\\\/ueber-uns\\\/#primaryimage\"},\"thumbnailUrl\":\"https:\\\/\\\/enerprocess.com\\\/wp-content\\\/uploads\\\/2024\\\/05\\\/enerprocess_cuves_2.jpg\",\"datePublished\":\"2024-02-07T16:50:05+00:00\",\"dateModified\":\"2026-01-10T10:45:31+00:00\",\"breadcrumb\":{\"@id\":\"https:\\\/\\\/enerprocess.com\\\/de\\\/ueber-uns\\\/#breadcrumb\"},\"inLanguage\":\"de\",\"potentialAction\":[{\"@type\":\"ReadAction\",\"target\":[\"https:\\\/\\\/enerprocess.com\\\/de\\\/ueber-uns\\\/\"]}]},{\"@type\":\"ImageObject\",\"inLanguage\":\"de\",\"@id\":\"https:\\\/\\\/enerprocess.com\\\/de\\\/ueber-uns\\\/#primaryimage\",\"url\":\"https:\\\/\\\/enerprocess.com\\\/wp-content\\\/uploads\\\/2024\\\/05\\\/enerprocess_cuves_2.jpg\",\"contentUrl\":\"https:\\\/\\\/enerprocess.com\\\/wp-content\\\/uploads\\\/2024\\\/05\\\/enerprocess_cuves_2.jpg\",\"width\":1600,\"height\":1067},{\"@type\":\"BreadcrumbList\",\"@id\":\"https:\\\/\\\/enerprocess.com\\\/de\\\/ueber-uns\\\/#breadcrumb\",\"itemListElement\":[{\"@type\":\"ListItem\",\"position\":1,\"name\":\"Accueil\",\"item\":\"https:\\\/\\\/enerprocess.com\\\/de\\\/\"},{\"@type\":\"ListItem\",\"position\":2,\"name\":\"\u00dcber uns\"}]},{\"@type\":\"WebSite\",\"@id\":\"https:\\\/\\\/enerprocess.com\\\/de\\\/#website\",\"url\":\"https:\\\/\\\/enerprocess.com\\\/de\\\/\",\"name\":\"Enerprocess\",\"description\":\"Gestion \u00e9nerg\u00e9tique \\u2028en milieu industriel\",\"publisher\":{\"@id\":\"https:\\\/\\\/enerprocess.com\\\/de\\\/#organization\"},\"potentialAction\":[{\"@type\":\"SearchAction\",\"target\":{\"@type\":\"EntryPoint\",\"urlTemplate\":\"https:\\\/\\\/enerprocess.com\\\/de\\\/?s={search_term_string}\"},\"query-input\":{\"@type\":\"PropertyValueSpecification\",\"valueRequired\":true,\"valueName\":\"search_term_string\"}}],\"inLanguage\":\"de\"},{\"@type\":\"Organization\",\"@id\":\"https:\\\/\\\/enerprocess.com\\\/de\\\/#organization\",\"name\":\"Enerprocess\",\"url\":\"https:\\\/\\\/enerprocess.com\\\/de\\\/\",\"logo\":{\"@type\":\"ImageObject\",\"inLanguage\":\"de\",\"@id\":\"https:\\\/\\\/enerprocess.com\\\/de\\\/#\\\/schema\\\/logo\\\/image\\\/\",\"url\":\"https:\\\/\\\/enerprocess.com\\\/wp-content\\\/uploads\\\/2024\\\/07\\\/logo_enerprocess.png\",\"contentUrl\":\"https:\\\/\\\/enerprocess.com\\\/wp-content\\\/uploads\\\/2024\\\/07\\\/logo_enerprocess.png\",\"width\":427,\"height\":100,\"caption\":\"Enerprocess\"},\"image\":{\"@id\":\"https:\\\/\\\/enerprocess.com\\\/de\\\/#\\\/schema\\\/logo\\\/image\\\/\"}}]}<\/script>\n<!-- \/ Yoast SEO plugin. -->","yoast_head_json":{"title":"\u00dcber uns &#8211; Enerprocess","robots":{"index":"index","follow":"follow","max-snippet":"max-snippet:-1","max-image-preview":"max-image-preview:large","max-video-preview":"max-video-preview:-1"},"canonical":"https:\/\/enerprocess.com\/de\/ueber-uns\/","og_locale":"de_DE","og_type":"article","og_title":"\u00dcber uns &#8211; Enerprocess","og_description":"Identit\u00e4t &amp; Vision enerprocess ist ein Ingenieurb\u00fcro, das sich auf das Energiemanagement in der Industrie spezialisiert hat. Aufgrund unserer langj\u00e4hrigen Erfahrung in der Industrie legen wir gro\u00dfen Wert auf wirtschaftliches Verst\u00e4ndnis und innovative, branchenspezifische L\u00f6sungen. Nach dem Motto, dass ein gut gestelltes Problem ein halbwegs gel\u00f6stes Problem ist, sind wir beharrlich, zuverl\u00e4ssig und sehr unternehmerisch, [&hellip;]","og_url":"https:\/\/enerprocess.com\/de\/ueber-uns\/","og_site_name":"Enerprocess","article_modified_time":"2026-01-10T10:45:31+00:00","og_image":[{"width":1600,"height":1067,"url":"https:\/\/enerprocess.com\/wp-content\/uploads\/2024\/05\/enerprocess_cuves_2.jpg","type":"image\/jpeg"}],"twitter_card":"summary_large_image","twitter_misc":{"Gesch\u00e4tzte Lesezeit":"3\u00a0Minuten"},"schema":{"@context":"https:\/\/schema.org","@graph":[{"@type":"WebPage","@id":"https:\/\/enerprocess.com\/de\/ueber-uns\/","url":"https:\/\/enerprocess.com\/de\/ueber-uns\/","name":"\u00dcber uns &#8211; Enerprocess","isPartOf":{"@id":"https:\/\/enerprocess.com\/de\/#website"},"primaryImageOfPage":{"@id":"https:\/\/enerprocess.com\/de\/ueber-uns\/#primaryimage"},"image":{"@id":"https:\/\/enerprocess.com\/de\/ueber-uns\/#primaryimage"},"thumbnailUrl":"https:\/\/enerprocess.com\/wp-content\/uploads\/2024\/05\/enerprocess_cuves_2.jpg","datePublished":"2024-02-07T16:50:05+00:00","dateModified":"2026-01-10T10:45:31+00:00","breadcrumb":{"@id":"https:\/\/enerprocess.com\/de\/ueber-uns\/#breadcrumb"},"inLanguage":"de","potentialAction":[{"@type":"ReadAction","target":["https:\/\/enerprocess.com\/de\/ueber-uns\/"]}]},{"@type":"ImageObject","inLanguage":"de","@id":"https:\/\/enerprocess.com\/de\/ueber-uns\/#primaryimage","url":"https:\/\/enerprocess.com\/wp-content\/uploads\/2024\/05\/enerprocess_cuves_2.jpg","contentUrl":"https:\/\/enerprocess.com\/wp-content\/uploads\/2024\/05\/enerprocess_cuves_2.jpg","width":1600,"height":1067},{"@type":"BreadcrumbList","@id":"https:\/\/enerprocess.com\/de\/ueber-uns\/#breadcrumb","itemListElement":[{"@type":"ListItem","position":1,"name":"Accueil","item":"https:\/\/enerprocess.com\/de\/"},{"@type":"ListItem","position":2,"name":"\u00dcber uns"}]},{"@type":"WebSite","@id":"https:\/\/enerprocess.com\/de\/#website","url":"https:\/\/enerprocess.com\/de\/","name":"Enerprocess","description":"Gestion \u00e9nerg\u00e9tique \u2028en milieu industriel","publisher":{"@id":"https:\/\/enerprocess.com\/de\/#organization"},"potentialAction":[{"@type":"SearchAction","target":{"@type":"EntryPoint","urlTemplate":"https:\/\/enerprocess.com\/de\/?s={search_term_string}"},"query-input":{"@type":"PropertyValueSpecification","valueRequired":true,"valueName":"search_term_string"}}],"inLanguage":"de"},{"@type":"Organization","@id":"https:\/\/enerprocess.com\/de\/#organization","name":"Enerprocess","url":"https:\/\/enerprocess.com\/de\/","logo":{"@type":"ImageObject","inLanguage":"de","@id":"https:\/\/enerprocess.com\/de\/#\/schema\/logo\/image\/","url":"https:\/\/enerprocess.com\/wp-content\/uploads\/2024\/07\/logo_enerprocess.png","contentUrl":"https:\/\/enerprocess.com\/wp-content\/uploads\/2024\/07\/logo_enerprocess.png","width":427,"height":100,"caption":"Enerprocess"},"image":{"@id":"https:\/\/enerprocess.com\/de\/#\/schema\/logo\/image\/"}}]}},"_links":{"self":[{"href":"https:\/\/enerprocess.com\/de\/wp-json\/wp\/v2\/pages\/84","targetHints":{"allow":["GET"]}}],"collection":[{"href":"https:\/\/enerprocess.com\/de\/wp-json\/wp\/v2\/pages"}],"about":[{"href":"https:\/\/enerprocess.com\/de\/wp-json\/wp\/v2\/types\/page"}],"author":[{"embeddable":true,"href":"https:\/\/enerprocess.com\/de\/wp-json\/wp\/v2\/users\/1"}],"replies":[{"embeddable":true,"href":"https:\/\/enerprocess.com\/de\/wp-json\/wp\/v2\/comments?post=84"}],"version-history":[{"count":0,"href":"https:\/\/enerprocess.com\/de\/wp-json\/wp\/v2\/pages\/84\/revisions"}],"wp:featuredmedia":[{"embeddable":true,"href":"https:\/\/enerprocess.com\/de\/wp-json\/wp\/v2\/media\/77"}],"wp:attachment":[{"href":"https:\/\/enerprocess.com\/de\/wp-json\/wp\/v2\/media?parent=84"}],"curies":[{"name":"wp","href":"https:\/\/api.w.org\/{rel}","templated":true}]}}