{"id":182,"date":"2024-02-07T17:50:15","date_gmt":"2024-02-07T16:50:15","guid":{"rendered":"https:\/\/enerprocess.com\/prestations\/"},"modified":"2024-10-08T07:37:48","modified_gmt":"2024-10-08T05:37:48","slug":"dienstleistungen","status":"publish","type":"page","link":"https:\/\/enerprocess.com\/de\/dienstleistungen\/","title":{"rendered":"Dienstleistungen"},"content":{"rendered":"\n<p class=\"has-large-font-size\">Unser Fachwissen im Dienste Ihres Unternehmens<\/p>\n\n\n\n<p>Ein gutes Energiemanagement in Unternehmen senkt die Produktionskosten, verbessert die Wettbewerbsf\u00e4higkeit, verl\u00e4ngert die Lebensdauer der Anlagen und erm\u00f6glicht eine bessere Kontrolle und \u00dcbersicht \u00fcber die Produktionsanlagen.<\/p>\n\n\n\n<section class=\"acf-block-services block-services section-services\">\n  <div class=\"section-container\">\n    <ul class=\"list-services\">\n      <li class=\"post service card\">\n  <div class=\"card-content\">\n    \n        <figure class=\"img\">\n      <img loading=\"lazy\" decoding=\"async\" width=\"840\" height=\"560\" src=\"https:\/\/enerprocess.com\/wp-content\/uploads\/2024\/05\/enerprocess_cuves_2-840x560.jpg\" class=\"attachment-list-thumb size-list-thumb wp-post-image\" alt=\"\" srcset=\"https:\/\/enerprocess.com\/wp-content\/uploads\/2024\/05\/enerprocess_cuves_2-840x560.jpg 840w, https:\/\/enerprocess.com\/wp-content\/uploads\/2024\/05\/enerprocess_cuves_2-300x200.jpg 300w, https:\/\/enerprocess.com\/wp-content\/uploads\/2024\/05\/enerprocess_cuves_2-1024x683.jpg 1024w, https:\/\/enerprocess.com\/wp-content\/uploads\/2024\/05\/enerprocess_cuves_2-768x512.jpg 768w, https:\/\/enerprocess.com\/wp-content\/uploads\/2024\/05\/enerprocess_cuves_2-1536x1024.jpg 1536w, https:\/\/enerprocess.com\/wp-content\/uploads\/2024\/05\/enerprocess_cuves_2-600x400.jpg 600w, https:\/\/enerprocess.com\/wp-content\/uploads\/2024\/05\/enerprocess_cuves_2.jpg 1600w\" sizes=\"auto, (max-width: 840px) 100vw, 840px\" \/>    <\/figure>\n            \n    <h2 class=\"title\">\n    <a class=\"card-title-link\" href=\"https:\/\/enerprocess.com\/de\/dienstleistungen\/zielvereinbarung-zv\/\" title=\"Learn more:\u00a0Zielvereinbarung\">\n      Zielvereinbarung    <\/a>\n    <\/h2>\n    \n    <div class=\"content\">\n      <p>Zielvereinbarungen (ZV) sind f\u00fcr gro\u00dfe Stromverbraucher (> 500 MWh Strom\/a) gedacht und erm\u00f6glichen es, die gesetzlichen Anforderungen zu erf\u00fcllen und von der R\u00fcckerstattung der CO2-Abgabe oder dem Netzzuschlag (RNZ) zu profitieren.<\/p>\n    <\/div>\n  <\/div>\n<\/li><li class=\"post service card\">\n  <div class=\"card-content\">\n    \n        <figure class=\"img\">\n      <img loading=\"lazy\" decoding=\"async\" width=\"840\" height=\"560\" src=\"https:\/\/enerprocess.com\/wp-content\/uploads\/2024\/05\/enerprocess_plan-840x560.jpg\" class=\"attachment-list-thumb size-list-thumb wp-post-image\" alt=\"\" srcset=\"https:\/\/enerprocess.com\/wp-content\/uploads\/2024\/05\/enerprocess_plan-840x560.jpg 840w, https:\/\/enerprocess.com\/wp-content\/uploads\/2024\/05\/enerprocess_plan-300x200.jpg 300w, https:\/\/enerprocess.com\/wp-content\/uploads\/2024\/05\/enerprocess_plan-1024x683.jpg 1024w, https:\/\/enerprocess.com\/wp-content\/uploads\/2024\/05\/enerprocess_plan-768x512.jpg 768w, https:\/\/enerprocess.com\/wp-content\/uploads\/2024\/05\/enerprocess_plan-1536x1024.jpg 1536w, https:\/\/enerprocess.com\/wp-content\/uploads\/2024\/05\/enerprocess_plan-600x400.jpg 600w, https:\/\/enerprocess.com\/wp-content\/uploads\/2024\/05\/enerprocess_plan.jpg 1600w\" sizes=\"auto, (max-width: 840px) 100vw, 840px\" \/>    <\/figure>\n            \n    <h2 class=\"title\">\n    <a class=\"card-title-link\" href=\"https:\/\/enerprocess.com\/de\/dienstleistungen\/pinch-energieanalyse\/\" title=\"Learn more:\u00a0Pinch \u2013\u00a0Energieanalyse\">\n      Pinch \u2013\u00a0Energieanalyse    <\/a>\n    <\/h2>\n    \n    <div class=\"content\">\n      <p>Die Pinch Energieanalyse f\u00fcr gro\u00dfe W\u00e4rmeverbraucher (> 1 GWh W\u00e4rme\/Jahr) erm\u00f6glicht es, Prozesse energetisch zu optimieren und bis zu 40% Energie einzusparen.<\/p>\n    <\/div>\n  <\/div>\n<\/li><li class=\"post service card\">\n  <div class=\"card-content\">\n    \n        <figure class=\"img\">\n      <img loading=\"lazy\" decoding=\"async\" width=\"840\" height=\"560\" src=\"https:\/\/enerprocess.com\/wp-content\/uploads\/2024\/05\/enerprocess_cuves_1-840x560.jpg\" class=\"attachment-list-thumb size-list-thumb wp-post-image\" alt=\"\" srcset=\"https:\/\/enerprocess.com\/wp-content\/uploads\/2024\/05\/enerprocess_cuves_1-840x560.jpg 840w, https:\/\/enerprocess.com\/wp-content\/uploads\/2024\/05\/enerprocess_cuves_1-300x200.jpg 300w, https:\/\/enerprocess.com\/wp-content\/uploads\/2024\/05\/enerprocess_cuves_1-1024x683.jpg 1024w, https:\/\/enerprocess.com\/wp-content\/uploads\/2024\/05\/enerprocess_cuves_1-768x512.jpg 768w, https:\/\/enerprocess.com\/wp-content\/uploads\/2024\/05\/enerprocess_cuves_1-1536x1024.jpg 1536w, https:\/\/enerprocess.com\/wp-content\/uploads\/2024\/05\/enerprocess_cuves_1-600x400.jpg 600w, https:\/\/enerprocess.com\/wp-content\/uploads\/2024\/05\/enerprocess_cuves_1.jpg 1600w\" sizes=\"auto, (max-width: 840px) 100vw, 840px\" \/>    <\/figure>\n            \n    <h2 class=\"title\">\n    <a class=\"card-title-link\" href=\"https:\/\/enerprocess.com\/de\/dienstleistungen\/peik\/\" title=\"Learn more:\u00a0PEIK &#8211; Energieberatung\">\n      PEIK &#8211; Energieberatung    <\/a>\n    <\/h2>\n    \n    <div class=\"content\">\n      <p>Die PEIK-Energieberatung richtet sich an KMU (< 500 MWh Strom\/Jahr) und bietet einfache L\u00f6sungen zur Senkung der Energiekosten.\n<\/p>\n    <\/div>\n  <\/div>\n<\/li><li class=\"post service card\">\n  <div class=\"card-content\">\n    \n        <figure class=\"img\">\n      <img loading=\"lazy\" decoding=\"async\" width=\"840\" height=\"560\" src=\"https:\/\/enerprocess.com\/wp-content\/uploads\/2024\/06\/enerprocess_reacteur-840x560.jpg\" class=\"attachment-list-thumb size-list-thumb wp-post-image\" alt=\"\" srcset=\"https:\/\/enerprocess.com\/wp-content\/uploads\/2024\/06\/enerprocess_reacteur-840x560.jpg 840w, https:\/\/enerprocess.com\/wp-content\/uploads\/2024\/06\/enerprocess_reacteur-300x200.jpg 300w, https:\/\/enerprocess.com\/wp-content\/uploads\/2024\/06\/enerprocess_reacteur-1024x683.jpg 1024w, https:\/\/enerprocess.com\/wp-content\/uploads\/2024\/06\/enerprocess_reacteur-768x512.jpg 768w, https:\/\/enerprocess.com\/wp-content\/uploads\/2024\/06\/enerprocess_reacteur-1536x1024.jpg 1536w, https:\/\/enerprocess.com\/wp-content\/uploads\/2024\/06\/enerprocess_reacteur-600x400.jpg 600w, https:\/\/enerprocess.com\/wp-content\/uploads\/2024\/06\/enerprocess_reacteur.jpg 1600w\" sizes=\"auto, (max-width: 840px) 100vw, 840px\" \/>    <\/figure>\n            \n    <h2 class=\"title\">\n    <a class=\"card-title-link\" href=\"https:\/\/enerprocess.com\/de\/dienstleistungen\/industrielle-projekte\/\" title=\"Learn more:\u00a0Industrielle Projekte\">\n      Industrielle Projekte    <\/a>\n    <\/h2>\n    \n    <div class=\"content\">\n      <p>Bei gr\u00f6\u00dferen \u00c4nderungen an den Produktionsprozessen eines Unternehmens muss die Infrastruktur angepasst werden. Durch eine gute Integration k\u00f6nnen die Betriebskosten nachhaltig gesenkt werden.<\/p>\n    <\/div>\n  <\/div>\n<\/li>    <\/ul>\n  <\/div>\n<\/section>\n","protected":false},"excerpt":{"rendered":"<p>Unser Fachwissen im Dienste Ihres Unternehmens Ein gutes Energiemanagement in Unternehmen senkt die Produktionskosten, verbessert die Wettbewerbsf\u00e4higkeit, verl\u00e4ngert die Lebensdauer der Anlagen und erm\u00f6glicht eine bessere Kontrolle und \u00dcbersicht \u00fcber die Produktionsanlagen.<\/p>\n","protected":false},"author":1,"featured_media":78,"parent":0,"menu_order":0,"comment_status":"closed","ping_status":"closed","template":"","meta":{"_acf_changed":false,"footnotes":""},"class_list":["post-182","page","type-page","status-publish","has-post-thumbnail","hentry"],"acf":[],"yoast_head":"<!-- This site is optimized with the Yoast SEO plugin v27.2 - https:\/\/yoast.com\/product\/yoast-seo-wordpress\/ -->\n<title>Dienstleistungen &#8211; Enerprocess<\/title>\n<meta name=\"robots\" content=\"index, follow, max-snippet:-1, max-image-preview:large, max-video-preview:-1\" \/>\n<link rel=\"canonical\" href=\"https:\/\/enerprocess.com\/de\/dienstleistungen\/\" \/>\n<meta property=\"og:locale\" content=\"de_DE\" \/>\n<meta property=\"og:type\" content=\"article\" \/>\n<meta property=\"og:title\" content=\"Dienstleistungen &#8211; Enerprocess\" \/>\n<meta property=\"og:description\" content=\"Unser Fachwissen im Dienste Ihres Unternehmens Ein gutes Energiemanagement in Unternehmen senkt die Produktionskosten, verbessert die Wettbewerbsf\u00e4higkeit, verl\u00e4ngert die Lebensdauer der Anlagen und erm\u00f6glicht eine bessere Kontrolle und \u00dcbersicht \u00fcber die Produktionsanlagen.\" \/>\n<meta property=\"og:url\" content=\"https:\/\/enerprocess.com\/de\/dienstleistungen\/\" \/>\n<meta property=\"og:site_name\" content=\"Enerprocess\" \/>\n<meta property=\"article:modified_time\" content=\"2024-10-08T05:37:48+00:00\" \/>\n<meta property=\"og:image\" content=\"https:\/\/enerprocess.com\/wp-content\/uploads\/2024\/05\/enerprocess_plan.jpg\" \/>\n\t<meta property=\"og:image:width\" content=\"1600\" \/>\n\t<meta property=\"og:image:height\" content=\"1067\" \/>\n\t<meta property=\"og:image:type\" content=\"image\/jpeg\" \/>\n<meta name=\"twitter:card\" content=\"summary_large_image\" \/>\n<meta name=\"twitter:label1\" content=\"Gesch\u00e4tzte Lesezeit\" \/>\n\t<meta name=\"twitter:data1\" content=\"1\u00a0Minute\" \/>\n<script type=\"application\/ld+json\" class=\"yoast-schema-graph\">{\"@context\":\"https:\/\/schema.org\",\"@graph\":[{\"@type\":\"WebPage\",\"@id\":\"https:\/\/enerprocess.com\/de\/dienstleistungen\/\",\"url\":\"https:\/\/enerprocess.com\/de\/dienstleistungen\/\",\"name\":\"Dienstleistungen &#8211; Enerprocess\",\"isPartOf\":{\"@id\":\"https:\/\/enerprocess.com\/de\/#website\"},\"primaryImageOfPage\":{\"@id\":\"https:\/\/enerprocess.com\/de\/dienstleistungen\/#primaryimage\"},\"image\":{\"@id\":\"https:\/\/enerprocess.com\/de\/dienstleistungen\/#primaryimage\"},\"thumbnailUrl\":\"https:\/\/enerprocess.com\/wp-content\/uploads\/2024\/05\/enerprocess_plan.jpg\",\"datePublished\":\"2024-02-07T16:50:15+00:00\",\"dateModified\":\"2024-10-08T05:37:48+00:00\",\"breadcrumb\":{\"@id\":\"https:\/\/enerprocess.com\/de\/dienstleistungen\/#breadcrumb\"},\"inLanguage\":\"de\",\"potentialAction\":[{\"@type\":\"ReadAction\",\"target\":[\"https:\/\/enerprocess.com\/de\/dienstleistungen\/\"]}]},{\"@type\":\"ImageObject\",\"inLanguage\":\"de\",\"@id\":\"https:\/\/enerprocess.com\/de\/dienstleistungen\/#primaryimage\",\"url\":\"https:\/\/enerprocess.com\/wp-content\/uploads\/2024\/05\/enerprocess_plan.jpg\",\"contentUrl\":\"https:\/\/enerprocess.com\/wp-content\/uploads\/2024\/05\/enerprocess_plan.jpg\",\"width\":1600,\"height\":1067},{\"@type\":\"BreadcrumbList\",\"@id\":\"https:\/\/enerprocess.com\/de\/dienstleistungen\/#breadcrumb\",\"itemListElement\":[{\"@type\":\"ListItem\",\"position\":1,\"name\":\"Accueil\",\"item\":\"https:\/\/enerprocess.com\/de\/\"},{\"@type\":\"ListItem\",\"position\":2,\"name\":\"Dienstleistungen\"}]},{\"@type\":\"WebSite\",\"@id\":\"https:\/\/enerprocess.com\/de\/#website\",\"url\":\"https:\/\/enerprocess.com\/de\/\",\"name\":\"Enerprocess\",\"description\":\"Gestion \u00e9nerg\u00e9tique \\u2028en milieu industriel\",\"publisher\":{\"@id\":\"https:\/\/enerprocess.com\/de\/#organization\"},\"potentialAction\":[{\"@type\":\"SearchAction\",\"target\":{\"@type\":\"EntryPoint\",\"urlTemplate\":\"https:\/\/enerprocess.com\/de\/?s={search_term_string}\"},\"query-input\":{\"@type\":\"PropertyValueSpecification\",\"valueRequired\":true,\"valueName\":\"search_term_string\"}}],\"inLanguage\":\"de\"},{\"@type\":\"Organization\",\"@id\":\"https:\/\/enerprocess.com\/de\/#organization\",\"name\":\"Enerprocess\",\"url\":\"https:\/\/enerprocess.com\/de\/\",\"logo\":{\"@type\":\"ImageObject\",\"inLanguage\":\"de\",\"@id\":\"https:\/\/enerprocess.com\/de\/#\/schema\/logo\/image\/\",\"url\":\"https:\/\/enerprocess.com\/wp-content\/uploads\/2024\/07\/logo_enerprocess.png\",\"contentUrl\":\"https:\/\/enerprocess.com\/wp-content\/uploads\/2024\/07\/logo_enerprocess.png\",\"width\":427,\"height\":100,\"caption\":\"Enerprocess\"},\"image\":{\"@id\":\"https:\/\/enerprocess.com\/de\/#\/schema\/logo\/image\/\"}}]}<\/script>\n<!-- \/ Yoast SEO plugin. -->","yoast_head_json":{"title":"Dienstleistungen &#8211; Enerprocess","robots":{"index":"index","follow":"follow","max-snippet":"max-snippet:-1","max-image-preview":"max-image-preview:large","max-video-preview":"max-video-preview:-1"},"canonical":"https:\/\/enerprocess.com\/de\/dienstleistungen\/","og_locale":"de_DE","og_type":"article","og_title":"Dienstleistungen &#8211; Enerprocess","og_description":"Unser Fachwissen im Dienste Ihres Unternehmens Ein gutes Energiemanagement in Unternehmen senkt die Produktionskosten, verbessert die Wettbewerbsf\u00e4higkeit, verl\u00e4ngert die Lebensdauer der Anlagen und erm\u00f6glicht eine bessere Kontrolle und \u00dcbersicht \u00fcber die Produktionsanlagen.","og_url":"https:\/\/enerprocess.com\/de\/dienstleistungen\/","og_site_name":"Enerprocess","article_modified_time":"2024-10-08T05:37:48+00:00","og_image":[{"width":1600,"height":1067,"url":"https:\/\/enerprocess.com\/wp-content\/uploads\/2024\/05\/enerprocess_plan.jpg","type":"image\/jpeg"}],"twitter_card":"summary_large_image","twitter_misc":{"Gesch\u00e4tzte Lesezeit":"1\u00a0Minute"},"schema":{"@context":"https:\/\/schema.org","@graph":[{"@type":"WebPage","@id":"https:\/\/enerprocess.com\/de\/dienstleistungen\/","url":"https:\/\/enerprocess.com\/de\/dienstleistungen\/","name":"Dienstleistungen &#8211; Enerprocess","isPartOf":{"@id":"https:\/\/enerprocess.com\/de\/#website"},"primaryImageOfPage":{"@id":"https:\/\/enerprocess.com\/de\/dienstleistungen\/#primaryimage"},"image":{"@id":"https:\/\/enerprocess.com\/de\/dienstleistungen\/#primaryimage"},"thumbnailUrl":"https:\/\/enerprocess.com\/wp-content\/uploads\/2024\/05\/enerprocess_plan.jpg","datePublished":"2024-02-07T16:50:15+00:00","dateModified":"2024-10-08T05:37:48+00:00","breadcrumb":{"@id":"https:\/\/enerprocess.com\/de\/dienstleistungen\/#breadcrumb"},"inLanguage":"de","potentialAction":[{"@type":"ReadAction","target":["https:\/\/enerprocess.com\/de\/dienstleistungen\/"]}]},{"@type":"ImageObject","inLanguage":"de","@id":"https:\/\/enerprocess.com\/de\/dienstleistungen\/#primaryimage","url":"https:\/\/enerprocess.com\/wp-content\/uploads\/2024\/05\/enerprocess_plan.jpg","contentUrl":"https:\/\/enerprocess.com\/wp-content\/uploads\/2024\/05\/enerprocess_plan.jpg","width":1600,"height":1067},{"@type":"BreadcrumbList","@id":"https:\/\/enerprocess.com\/de\/dienstleistungen\/#breadcrumb","itemListElement":[{"@type":"ListItem","position":1,"name":"Accueil","item":"https:\/\/enerprocess.com\/de\/"},{"@type":"ListItem","position":2,"name":"Dienstleistungen"}]},{"@type":"WebSite","@id":"https:\/\/enerprocess.com\/de\/#website","url":"https:\/\/enerprocess.com\/de\/","name":"Enerprocess","description":"Gestion \u00e9nerg\u00e9tique \u2028en milieu industriel","publisher":{"@id":"https:\/\/enerprocess.com\/de\/#organization"},"potentialAction":[{"@type":"SearchAction","target":{"@type":"EntryPoint","urlTemplate":"https:\/\/enerprocess.com\/de\/?s={search_term_string}"},"query-input":{"@type":"PropertyValueSpecification","valueRequired":true,"valueName":"search_term_string"}}],"inLanguage":"de"},{"@type":"Organization","@id":"https:\/\/enerprocess.com\/de\/#organization","name":"Enerprocess","url":"https:\/\/enerprocess.com\/de\/","logo":{"@type":"ImageObject","inLanguage":"de","@id":"https:\/\/enerprocess.com\/de\/#\/schema\/logo\/image\/","url":"https:\/\/enerprocess.com\/wp-content\/uploads\/2024\/07\/logo_enerprocess.png","contentUrl":"https:\/\/enerprocess.com\/wp-content\/uploads\/2024\/07\/logo_enerprocess.png","width":427,"height":100,"caption":"Enerprocess"},"image":{"@id":"https:\/\/enerprocess.com\/de\/#\/schema\/logo\/image\/"}}]}},"_links":{"self":[{"href":"https:\/\/enerprocess.com\/de\/wp-json\/wp\/v2\/pages\/182","targetHints":{"allow":["GET"]}}],"collection":[{"href":"https:\/\/enerprocess.com\/de\/wp-json\/wp\/v2\/pages"}],"about":[{"href":"https:\/\/enerprocess.com\/de\/wp-json\/wp\/v2\/types\/page"}],"author":[{"embeddable":true,"href":"https:\/\/enerprocess.com\/de\/wp-json\/wp\/v2\/users\/1"}],"replies":[{"embeddable":true,"href":"https:\/\/enerprocess.com\/de\/wp-json\/wp\/v2\/comments?post=182"}],"version-history":[{"count":0,"href":"https:\/\/enerprocess.com\/de\/wp-json\/wp\/v2\/pages\/182\/revisions"}],"wp:featuredmedia":[{"embeddable":true,"href":"https:\/\/enerprocess.com\/de\/wp-json\/wp\/v2\/media\/78"}],"wp:attachment":[{"href":"https:\/\/enerprocess.com\/de\/wp-json\/wp\/v2\/media?parent=182"}],"curies":[{"name":"wp","href":"https:\/\/api.w.org\/{rel}","templated":true}]}}